{"id":30,"date":"2015-09-15T11:51:07","date_gmt":"2015-09-15T11:51:07","guid":{"rendered":"http:\/\/pixel-industry.com\/dummy_wp\/trucking\/?page_id=30"},"modified":"2018-05-01T12:47:16","modified_gmt":"2018-05-01T16:47:16","slug":"services","status":"publish","type":"page","link":"https:\/\/rmbwood.com\/en\/services\/","title":{"rendered":"Our services"},"content":{"rendered":"<p>[et_pb_section bb_built=&raquo;1&Prime; fullwidth=&raquo;on&raquo; specialty=&raquo;off&raquo;][et_pb_fullwidth_header _builder_version=&raquo;3.0.81&Prime; title=&raquo;VOUS AVEZ UNE VIEILLE GRANGE QUI NE SERT PLUS ?&raquo; subhead=&raquo;RMB r\u00e9cup\u00e9ration vous propose 3 \u00c9TAPES facile !&raquo; text_orientation=&raquo;center&raquo; header_fullscreen=&raquo;off&raquo; header_scroll_down=&raquo;off&raquo; image_orientation=&raquo;center&raquo; background_layout=&raquo;light&raquo; content_orientation=&raquo;center&raquo; custom_button_one=&raquo;off&raquo; button_one_icon_placement=&raquo;right&raquo; box_shadow_position_button_one=&raquo;outer&raquo; custom_button_two=&raquo;off&raquo; button_two_icon_placement=&raquo;right&raquo; box_shadow_position_button_two=&raquo;outer&raquo; box_shadow_position=&raquo;outer&raquo; title_font_size=&raquo;40px&raquo; content_text_align=&raquo;center&raquo; subhead_text_align=&raquo;center&raquo; content_font_color=&raquo;#000000&Prime; content_text_color=&raquo;#000000&Prime; subhead_font_color=&raquo;#000000&Prime; \/][\/et_pb_section][et_pb_section bb_built=&raquo;1&Prime; fullwidth=&raquo;off&raquo; specialty=&raquo;off&raquo; _builder_version=&raquo;3.0.81&Prime; custom_margin=&raquo;-150px||-100px|&raquo; box_shadow_position=&raquo;outer&raquo;][et_pb_row][et_pb_column type=&raquo;4_4&Prime;][et_pb_blurb _builder_version=&raquo;3.0.81&Prime; url_new_window=&raquo;off&raquo; use_icon=&raquo;on&raquo; font_icon=&raquo;%%22%%&raquo; use_circle=&raquo;off&raquo; use_circle_border=&raquo;off&raquo; icon_placement=&raquo;top&raquo; use_icon_font_size=&raquo;on&raquo; box_shadow_position_image=&raquo;outer&raquo; background_layout=&raquo;light&raquo; border_style=&raquo;solid&raquo; box_shadow_position=&raquo;outer&raquo; \/][\/et_pb_column][\/et_pb_row][\/et_pb_section][et_pb_section bb_built=&raquo;1&Prime; _builder_version=&raquo;3.0.81&Prime; custom_margin=&raquo;||150px|&raquo; box_shadow_position=&raquo;outer&raquo;][et_pb_row][et_pb_column type=&raquo;1_2&Prime;][et_pb_text _builder_version=&raquo;3.0.81&Prime; background_layout=&raquo;light&raquo; border_style=&raquo;solid&raquo; box_shadow_position=&raquo;outer&raquo;]<\/p>\n<h2 style=\"text-align: center;\"><span style=\"color: #e09900;\">Nous \u00e9valuons votre grange<\/span><\/h2>\n<p>[\/et_pb_text][et_pb_divider _builder_version=&raquo;3.0.81&Prime; divider_style=&raquo;solid&raquo; divider_position=&raquo;top&raquo; max_width=&raquo;40%&raquo; module_alignment=&raquo;center&raquo; box_shadow_position=&raquo;outer&raquo; show_divider=&raquo;on&raquo; color=&raquo;#e09900&Prime; \/][et_pb_text _builder_version=&raquo;3.0.81&Prime; background_layout=&raquo;light&raquo; border_style=&raquo;solid&raquo; box_shadow_position=&raquo;outer&raquo;]<\/p>\n<p style=\"text-align: left;\"><span style=\"color: #000000;\">Nous sommes \u00e0 la recherche de toute sortes de <strong>bois de grange<\/strong>. Que ce soit de vieilles granges datant des ann\u00e9es 1850 ou que ce soit du bois d\u00e9j\u00e0 d\u00e9mantel\u00e9 que vous avez dans un garage, RMB est preneur. Contactez-nous et RMB R\u00e9cup\u00e9ration\u00a0<strong>\u00e9valueras<\/strong> votre grange.<\/span><\/p>\n<p>[\/et_pb_text][\/et_pb_column][et_pb_column type=&raquo;1_2&Prime;][et_pb_image _builder_version=&raquo;3.0.81&Prime; src=&raquo;http:\/\/rmbwood.com\/wp-content\/uploads\/2017\/10\/barn-599727_1920.jpg&raquo; show_in_lightbox=&raquo;off&raquo; url_new_window=&raquo;off&raquo; use_overlay=&raquo;off&raquo; always_center_on_mobile=&raquo;on&raquo; border_style=&raquo;solid&raquo; force_fullwidth=&raquo;off&raquo; show_bottom_space=&raquo;on&raquo; box_shadow_position=&raquo;outer&raquo; \/][\/et_pb_column][\/et_pb_row][\/et_pb_section][et_pb_section bb_built=&raquo;1&Prime; _builder_version=&raquo;3.0.81&Prime; background_color=&raquo;#000000&Prime; box_shadow_position=&raquo;outer&raquo; custom_css_before=&raquo;display: block;||position: absolute;||content: &raquo;;||top: 0;||left: -25%;||z-index: -1;||width: 150%;||height: 75%;||background: inherit;||-webkit-transform: rotate(-8deg);||transform: rotate(-8deg);||-webkit-transform-origin: 0 0;||transform-origin: 0 0;||&raquo; custom_css_main_element=&raquo;z-index: 1;||padding-top: 6em;||background-color: #f7f7f7;&raquo; custom_margin=&raquo;||150px|&raquo;][et_pb_row _builder_version=&raquo;3.0.81&Prime; custom_margin=&raquo;-100px|||&raquo; box_shadow_position=&raquo;outer&raquo; background_color=&raquo;#000000&Prime;][et_pb_column type=&raquo;1_2&Prime;][et_pb_image _builder_version=&raquo;3.0.81&Prime; src=&raquo;http:\/\/rmbwood.com\/wp-content\/uploads\/2015\/09\/business-962358_1280.jpg&raquo; show_in_lightbox=&raquo;off&raquo; url_new_window=&raquo;off&raquo; use_overlay=&raquo;off&raquo; always_center_on_mobile=&raquo;on&raquo; border_style=&raquo;solid&raquo; force_fullwidth=&raquo;off&raquo; show_bottom_space=&raquo;on&raquo; box_shadow_position=&raquo;outer&raquo; \/][\/et_pb_column][et_pb_column type=&raquo;1_2&Prime;][et_pb_text _builder_version=&raquo;3.0.81&Prime; background_layout=&raquo;light&raquo; border_style=&raquo;solid&raquo; box_shadow_position=&raquo;outer&raquo;]<\/p>\n<h2 style=\"text-align: center;\"><span style=\"color: #e09900;\">Signature de contrat\u00a0<\/span><\/h2>\n<p>[\/et_pb_text][et_pb_divider _builder_version=&raquo;3.0.81&Prime; divider_style=&raquo;solid&raquo; divider_position=&raquo;top&raquo; max_width=&raquo;40%&raquo; module_alignment=&raquo;center&raquo; box_shadow_position=&raquo;outer&raquo; show_divider=&raquo;on&raquo; color=&raquo;#e09900&Prime; \/][et_pb_text _builder_version=&raquo;3.0.81&Prime; background_layout=&raquo;light&raquo; border_style=&raquo;solid&raquo; box_shadow_position=&raquo;outer&raquo;]<\/p>\n<p><span style=\"color: #ffffff;\">Notre professionnalisme se traduit par des <strong>documents officiels<\/strong> qui vous prot\u00e8ge vous en tant que client et nous en tant qu&rsquo;entreprise. Il n&rsquo;y a rien de tel qu&rsquo;un bon contrat qui d\u00e9finit les responsabilit\u00e9s de chacun pour qu&rsquo;il n&rsquo;y ait <strong>pas de surprises<\/strong> !<\/span><\/p>\n<p>[\/et_pb_text][\/et_pb_column][\/et_pb_row][\/et_pb_section][et_pb_section bb_built=&raquo;1&Prime; _builder_version=&raquo;3.0.81&Prime; box_shadow_position=&raquo;outer&raquo; custom_css_before=&raquo;display: block;||position: absolute;||content: &raquo;;||top: 0;||left: -25%;||z-index: -1;||width: 150%;||height: 75%;||background: inherit;||-webkit-transform: rotate(-8deg);||transform: rotate(-8deg);||-webkit-transform-origin: 0 0;||transform-origin: 0 0;&raquo; custom_css_main_element=&raquo;z-index: 1;||padding-top: 6em;&raquo;][et_pb_row _builder_version=&raquo;3.0.81&Prime; custom_margin=&raquo;-200px|||&raquo; box_shadow_position=&raquo;outer&raquo;][et_pb_column type=&raquo;1_2&Prime;][et_pb_text _builder_version=&raquo;3.0.81&Prime; background_layout=&raquo;light&raquo; border_style=&raquo;solid&raquo; box_shadow_position=&raquo;outer&raquo;]<\/p>\n<h2 style=\"text-align: center;\"><span style=\"color: #e09900;\">Compensation offerte !<\/span><\/h2>\n<p>[\/et_pb_text][et_pb_divider _builder_version=&raquo;3.0.81&Prime; divider_style=&raquo;solid&raquo; divider_position=&raquo;top&raquo; max_width=&raquo;40%&raquo; module_alignment=&raquo;center&raquo; box_shadow_position=&raquo;outer&raquo; show_divider=&raquo;on&raquo; color=&raquo;#e09900&Prime; \/][et_pb_text _builder_version=&raquo;3.0.81&Prime; background_layout=&raquo;light&raquo; border_style=&raquo;solid&raquo; box_shadow_position=&raquo;outer&raquo;]<\/p>\n<p><span style=\"color: #000000;\">Cela prend beaucoup de ressources pour recycler\/d\u00e9molir une grange. Du temps, des employ\u00e9s, de la gestion, etc. Parfois la quantit\u00e9 de bois du client peut nous permettre de lui verser une <strong>compensation<\/strong>, si c&rsquo;est le cas, il nous fera toujours plaisir de pouvoir l&rsquo;offrir\u00a0\ud83e\udd20. RMB R\u00e9cup\u00e9ration est reconnu pour \u00eatre <strong>le plus offrant<\/strong> au Canada !<\/span><\/p>\n<p>[\/et_pb_text][\/et_pb_column][et_pb_column type=&raquo;1_2&Prime;][et_pb_image _builder_version=&raquo;3.0.81&Prime; src=&raquo;http:\/\/rmbwood.com\/wp-content\/uploads\/2015\/09\/piggy-2889046_1280.jpg&raquo; show_in_lightbox=&raquo;off&raquo; url_new_window=&raquo;off&raquo; use_overlay=&raquo;off&raquo; always_center_on_mobile=&raquo;on&raquo; border_style=&raquo;solid&raquo; force_fullwidth=&raquo;off&raquo; show_bottom_space=&raquo;on&raquo; box_shadow_position=&raquo;outer&raquo; \/][\/et_pb_column][\/et_pb_row][\/et_pb_section]<\/p>","protected":false},"excerpt":{"rendered":"<p>[et_pb_section bb_built=&raquo;1&Prime; fullwidth=&raquo;on&raquo; specialty=&raquo;off&raquo;][et_pb_fullwidth_header _builder_version=&raquo;3.0.81&Prime; title=&raquo;VOUS AVEZ UNE VIEILLE GRANGE QUI NE SERT PLUS ?&raquo; subhead=&raquo;RMB r\u00e9cup\u00e9ration vous propose 3 \u00c9TAPES facile !&raquo; text_orientation=&raquo;center&raquo; header_fullscreen=&raquo;off&raquo; header_scroll_down=&raquo;off&raquo; image_orientation=&raquo;center&raquo; background_layout=&raquo;light&raquo; content_orientation=&raquo;center&raquo; custom_button_one=&raquo;off&raquo; button_one_icon_placement=&raquo;right&raquo; box_shadow_position_button_one=&raquo;outer&raquo; custom_button_two=&raquo;off&raquo; button_two_icon_placement=&raquo;right&raquo; box_shadow_position_button_two=&raquo;outer&raquo; box_shadow_position=&raquo;outer&raquo; title_font_size=&raquo;40px&raquo; content_text_align=&raquo;center&raquo; subhead_text_align=&raquo;center&raquo; content_font_color=&raquo;#000000&Prime; content_text_color=&raquo;#000000&Prime; subhead_font_color=&raquo;#000000&Prime; \/][\/et_pb_section][et_pb_section bb_built=&raquo;1&Prime; fullwidth=&raquo;off&raquo; specialty=&raquo;off&raquo; _builder_version=&raquo;3.0.81&Prime; custom_margin=&raquo;-150px||-100px|&raquo; box_shadow_position=&raquo;outer&raquo;][et_pb_row][et_pb_column type=&raquo;4_4&Prime;][et_pb_blurb _builder_version=&raquo;3.0.81&Prime; url_new_window=&raquo;off&raquo; use_icon=&raquo;on&raquo; font_icon=&raquo;%%22%%&raquo; use_circle=&raquo;off&raquo; [&hellip;]<\/p>","protected":false},"author":5,"featured_media":0,"parent":0,"menu_order":0,"comment_status":"closed","ping_status":"closed","template":"","meta":{"_et_pb_use_builder":"on","_et_pb_old_content":"<p>[cma_section][cma_row grid_number='2' margin_top='' margin_bottom='' class=''][cma_grid size=\"8\" row=\"0\"][cma_heading cma_id=\"1\"][cma_wysiwyg cma_id=\"2\"][cma_icon_lists cma_id=\"3\"][cma_wysiwyg cma_id=\"4\"][\/cma_grid][cma_grid size=\"4\" row=\"0\"][cma_image cma_id=\"5\"][\/cma_grid][\/cma_row][\/cma_section][cma_section id='1' background_type='image' image_bkg='' color_bkg='#f4fcfc' bkg_video='' bkg_video_poster='' bkg_video_autoplay='0' bkg_video_loop='0' bkg_video_controls='0' bkg_video_width='' bkg_video_height='' parallax='0' background_size='cover' background_repeat='repeat' dark_bkg='0' full_width='0' remove_container_padding='0' margin_top='' margin_bottom='80' custom_id='' classes=''][cma_row][cma_grid size=\"6\" row=\"1\"][cma_image cma_id=\"6\"][\/cma_grid][cma_grid size=\"6\" row=\"1\"][cma_heading cma_id=\"7\"][cma_wysiwyg cma_id=\"8\"][\/cma_grid][\/cma_row][\/cma_section][cma_section][cma_row][cma_grid size=\"5\" row=\"2\"][cma_heading cma_id=\"9\"][cma_large_icons_list cma_id=\"10\"][\/cma_grid][cma_grid size=\"7\" row=\"2\"][cma_image cma_id=\"11\"][\/cma_grid][\/cma_row][cma_row][cma_grid size=\"12\" row=\"3\"][cma_heading cma_id=\"12\"][\/cma_grid][\/cma_row][\/cma_section][cma_section id='2' background_type='image' image_bkg='' color_bkg='' bkg_video='' bkg_video_poster='' bkg_video_autoplay='0' bkg_video_loop='0' bkg_video_controls='0' bkg_video_width='' bkg_video_height='' parallax='0' background_size='cover' background_repeat='repeat' dark_bkg='0' full_width='1' remove_container_padding='1' margin_top='' margin_bottom='' custom_id='' classes=''][cma_row grid_number='' margin_top='' margin_bottom='0' class=''][cma_grid size=\"12\" row=\"4\"][cma_services_1 cma_id=\"13\"][\/cma_grid][\/cma_row][\/cma_section]<\/p>","_et_gb_content_width":"","footnotes":""},"_links":{"self":[{"href":"https:\/\/rmbwood.com\/en\/wp-json\/wp\/v2\/pages\/30"}],"collection":[{"href":"https:\/\/rmbwood.com\/en\/wp-json\/wp\/v2\/pages"}],"about":[{"href":"https:\/\/rmbwood.com\/en\/wp-json\/wp\/v2\/types\/page"}],"author":[{"embeddable":true,"href":"https:\/\/rmbwood.com\/en\/wp-json\/wp\/v2\/users\/5"}],"replies":[{"embeddable":true,"href":"https:\/\/rmbwood.com\/en\/wp-json\/wp\/v2\/comments?post=30"}],"version-history":[{"count":15,"href":"https:\/\/rmbwood.com\/en\/wp-json\/wp\/v2\/pages\/30\/revisions"}],"predecessor-version":[{"id":34978,"href":"https:\/\/rmbwood.com\/en\/wp-json\/wp\/v2\/pages\/30\/revisions\/34978"}],"wp:attachment":[{"href":"https:\/\/rmbwood.com\/en\/wp-json\/wp\/v2\/media?parent=30"}],"curies":[{"name":"wp","href":"https:\/\/api.w.org\/{rel}","templated":true}]}}